{"id":2,"date":"2025-12-19T13:08:34","date_gmt":"2025-12-19T13:08:34","guid":{"rendered":"https:\/\/tempusfugitoficial.rkinformatika.online\/?page_id=2"},"modified":"2025-12-19T14:53:13","modified_gmt":"2025-12-19T14:53:13","slug":"inicio","status":"publish","type":"page","link":"https:\/\/tempusfugitoficial.com\/ca\/","title":{"rendered":"Inici"},"content":{"rendered":"<div data-elementor-type=\"wp-page\" data-elementor-id=\"2\" class=\"elementor elementor-2\" data-elementor-post-type=\"page\">\n\t\t\t\t<div class=\"elementor-element elementor-element-5097add e-con-full e-flex e-con e-parent\" data-id=\"5097add\" data-element_type=\"container\" data-e-type=\"container\" data-settings=\"{&quot;background_background&quot;:&quot;classic&quot;}\">\n\t\t\t\t<\/div>\n\t\t<div class=\"elementor-element elementor-element-c19cc31 e-flex e-con-boxed e-con e-parent\" data-id=\"c19cc31\" data-element_type=\"container\" data-e-type=\"container\">\n\t\t\t\t\t<div class=\"e-con-inner\">\n\t\t\t\t<div class=\"elementor-element elementor-element-91d5460 elementor-widget elementor-widget-heading\" data-id=\"91d5460\" data-element_type=\"widget\" data-e-type=\"widget\" data-widget_type=\"heading.default\">\n\t\t\t\t\t<h2 class=\"elementor-heading-title elementor-size-default\">Qui som<\/h2>\t\t\t\t<\/div>\n\t\t\t\t<div class=\"elementor-element elementor-element-e0c5b34 elementor-widget__width-initial elementor-widget elementor-widget-text-editor\" data-id=\"e0c5b34\" data-element_type=\"widget\" data-e-type=\"widget\" data-widget_type=\"text-editor.default\">\n\t\t\t\t\t\t\t\t\t<p>A Tempus Fugit Caf\u00e9 som una cafeteria i restaurant amb m\u00e9s de 15 anys d'experi\u00e8ncia, on cada dia posem tota la nostra il\u00b7lusi\u00f3 per oferir productes de qualitat, un servei proper i un somriure sincer.<\/p><p>Creem un ambient tranquil i familiar, ideal per gaudir des d'un bon esmorzar fins a un complet men\u00fa de migdia. El nostre producte estrella s\u00f3n els mollets d\u00b4Antequera, que preparem amb una gran varietat de combinacions, pensades per a tots els gustos.<\/p><p>Comptem amb una \u00e0mplia oferta gastron\u00f2mica: esmorzars, entrepans, men\u00fas de migdia, mollets, torrades, hamburgueses, amanides, tapes fredes i calentes. A m\u00e9s, oferim una cuidada selecci\u00f3 de begudes i cerveses, batuts i sucs naturals, postres casolanes i una variada carta de gelats.<\/p><p>T'esperem a Avinguda dels Ban\u00fas 106, 08923 Santa Coloma de Gramenet, perqu\u00e8 gaudiu d'una experi\u00e8ncia propera, saborosa i pensada per compartir.<\/p>\t\t\t\t\t\t\t\t<\/div>\n\t\t\t\t\t<\/div>\n\t\t\t\t<\/div>\n\t\t<div class=\"elementor-element elementor-element-b0b1896 e-con-full e-flex e-con e-parent\" data-id=\"b0b1896\" data-element_type=\"container\" data-e-type=\"container\">\n\t\t\t\t<div class=\"elementor-element elementor-element-5be6b31 elementor-arrows-position-inside elementor-pagination-position-outside elementor-widget elementor-widget-image-carousel\" data-id=\"5be6b31\" data-element_type=\"widget\" data-e-type=\"widget\" data-settings=\"{&quot;slides_to_show&quot;:&quot;5&quot;,&quot;slides_to_show_tablet&quot;:&quot;3&quot;,&quot;image_spacing_custom&quot;:{&quot;unit&quot;:&quot;px&quot;,&quot;size&quot;:5,&quot;sizes&quot;:[]},&quot;navigation&quot;:&quot;both&quot;,&quot;autoplay&quot;:&quot;yes&quot;,&quot;autoplay_speed&quot;:5000,&quot;infinite&quot;:&quot;yes&quot;,&quot;speed&quot;:500,&quot;image_spacing_custom_tablet&quot;:{&quot;unit&quot;:&quot;px&quot;,&quot;size&quot;:&quot;&quot;,&quot;sizes&quot;:[]},&quot;image_spacing_custom_mobile&quot;:{&quot;unit&quot;:&quot;px&quot;,&quot;size&quot;:&quot;&quot;,&quot;sizes&quot;:[]}}\" data-widget_type=\"image-carousel.default\">\n\t\t\t\t\t\t\t<div class=\"elementor-image-carousel-wrapper swiper\" role=\"region\" aria-roledescription=\"carousel\" aria-label=\"Carrusel de im\u00e1genes\" dir=\"ltr\">\n\t\t\t<div class=\"elementor-image-carousel swiper-wrapper\" aria-live=\"off\">\n\t\t\t\t\t\t\t\t<div class=\"swiper-slide\" role=\"group\" aria-roledescription=\"slide\" aria-label=\"1 de 7\" data-no-translation-aria-label=\"\"><a data-elementor-open-lightbox=\"yes\" data-elementor-lightbox-slideshow=\"5be6b31\" data-elementor-lightbox-title=\"1\" data-e-action-hash=\"#elementor-action%3Aaction%3Dlightbox%26settings%3DeyJpZCI6MTc4LCJ1cmwiOiJodHRwczpcL1wvdGVtcHVzZnVnaXRvZmljaWFsLmNvbVwvd3AtY29udGVudFwvdXBsb2Fkc1wvMjAyNVwvMTJcLzEucG5nIiwic2xpZGVzaG93IjoiNWJlNmIzMSJ9\" href=\"https:\/\/tempusfugitoficial.com\/wp-content\/uploads\/2025\/12\/1.png\"><figure class=\"swiper-slide-inner\"><img decoding=\"async\" class=\"swiper-slide-image\" src=\"https:\/\/tempusfugitoficial.com\/wp-content\/uploads\/2025\/12\/1.png\" alt=\"1\" \/><\/figure><\/a><\/div><div class=\"swiper-slide\" role=\"group\" aria-roledescription=\"slide\" aria-label=\"2 de 7\" data-no-translation-aria-label=\"\"><a data-elementor-open-lightbox=\"yes\" data-elementor-lightbox-slideshow=\"5be6b31\" data-elementor-lightbox-title=\"2\" data-e-action-hash=\"#elementor-action%3Aaction%3Dlightbox%26settings%3DeyJpZCI6MTc5LCJ1cmwiOiJodHRwczpcL1wvdGVtcHVzZnVnaXRvZmljaWFsLmNvbVwvd3AtY29udGVudFwvdXBsb2Fkc1wvMjAyNVwvMTJcLzIucG5nIiwic2xpZGVzaG93IjoiNWJlNmIzMSJ9\" href=\"https:\/\/tempusfugitoficial.com\/wp-content\/uploads\/2025\/12\/2.png\"><figure class=\"swiper-slide-inner\"><img decoding=\"async\" class=\"swiper-slide-image\" src=\"https:\/\/tempusfugitoficial.com\/wp-content\/uploads\/2025\/12\/2.png\" alt=\"2\" \/><\/figure><\/a><\/div><div class=\"swiper-slide\" role=\"group\" aria-roledescription=\"slide\" aria-label=\"3 de 7\" data-no-translation-aria-label=\"\"><a data-elementor-open-lightbox=\"yes\" data-elementor-lightbox-slideshow=\"5be6b31\" data-elementor-lightbox-title=\"3\" data-e-action-hash=\"#elementor-action%3Aaction%3Dlightbox%26settings%3DeyJpZCI6MTgwLCJ1cmwiOiJodHRwczpcL1wvdGVtcHVzZnVnaXRvZmljaWFsLmNvbVwvd3AtY29udGVudFwvdXBsb2Fkc1wvMjAyNVwvMTJcLzMucG5nIiwic2xpZGVzaG93IjoiNWJlNmIzMSJ9\" href=\"https:\/\/tempusfugitoficial.com\/wp-content\/uploads\/2025\/12\/3.png\"><figure class=\"swiper-slide-inner\"><img decoding=\"async\" class=\"swiper-slide-image\" src=\"https:\/\/tempusfugitoficial.com\/wp-content\/uploads\/2025\/12\/3.png\" alt=\"3\" \/><\/figure><\/a><\/div><div class=\"swiper-slide\" role=\"group\" aria-roledescription=\"slide\" aria-label=\"4 de 7\" data-no-translation-aria-label=\"\"><a data-elementor-open-lightbox=\"yes\" data-elementor-lightbox-slideshow=\"5be6b31\" data-elementor-lightbox-title=\"4\" data-e-action-hash=\"#elementor-action%3Aaction%3Dlightbox%26settings%3DeyJpZCI6MTgxLCJ1cmwiOiJodHRwczpcL1wvdGVtcHVzZnVnaXRvZmljaWFsLmNvbVwvd3AtY29udGVudFwvdXBsb2Fkc1wvMjAyNVwvMTJcLzQucG5nIiwic2xpZGVzaG93IjoiNWJlNmIzMSJ9\" href=\"https:\/\/tempusfugitoficial.com\/wp-content\/uploads\/2025\/12\/4.png\"><figure class=\"swiper-slide-inner\"><img decoding=\"async\" class=\"swiper-slide-image\" src=\"https:\/\/tempusfugitoficial.com\/wp-content\/uploads\/2025\/12\/4.png\" alt=\"4\" \/><\/figure><\/a><\/div><div class=\"swiper-slide\" role=\"group\" aria-roledescription=\"slide\" aria-label=\"5 de 7\" data-no-translation-aria-label=\"\"><a data-elementor-open-lightbox=\"yes\" data-elementor-lightbox-slideshow=\"5be6b31\" data-elementor-lightbox-title=\"5\" data-e-action-hash=\"#elementor-action%3Aaction%3Dlightbox%26settings%3DeyJpZCI6MTgyLCJ1cmwiOiJodHRwczpcL1wvdGVtcHVzZnVnaXRvZmljaWFsLmNvbVwvd3AtY29udGVudFwvdXBsb2Fkc1wvMjAyNVwvMTJcLzUucG5nIiwic2xpZGVzaG93IjoiNWJlNmIzMSJ9\" href=\"https:\/\/tempusfugitoficial.com\/wp-content\/uploads\/2025\/12\/5.png\"><figure class=\"swiper-slide-inner\"><img decoding=\"async\" class=\"swiper-slide-image\" src=\"https:\/\/tempusfugitoficial.com\/wp-content\/uploads\/2025\/12\/5.png\" alt=\"5\" \/><\/figure><\/a><\/div><div class=\"swiper-slide\" role=\"group\" aria-roledescription=\"slide\" aria-label=\"6 de 7\" data-no-translation-aria-label=\"\"><a data-elementor-open-lightbox=\"yes\" data-elementor-lightbox-slideshow=\"5be6b31\" data-elementor-lightbox-title=\"6\" data-e-action-hash=\"#elementor-action%3Aaction%3Dlightbox%26settings%3DeyJpZCI6MTgzLCJ1cmwiOiJodHRwczpcL1wvdGVtcHVzZnVnaXRvZmljaWFsLmNvbVwvd3AtY29udGVudFwvdXBsb2Fkc1wvMjAyNVwvMTJcLzYucG5nIiwic2xpZGVzaG93IjoiNWJlNmIzMSJ9\" href=\"https:\/\/tempusfugitoficial.com\/wp-content\/uploads\/2025\/12\/6.png\"><figure class=\"swiper-slide-inner\"><img decoding=\"async\" class=\"swiper-slide-image\" src=\"https:\/\/tempusfugitoficial.com\/wp-content\/uploads\/2025\/12\/6.png\" alt=\"6\" \/><\/figure><\/a><\/div><div class=\"swiper-slide\" role=\"group\" aria-roledescription=\"slide\" aria-label=\"7 de 7\" data-no-translation-aria-label=\"\"><a data-elementor-open-lightbox=\"yes\" data-elementor-lightbox-slideshow=\"5be6b31\" data-elementor-lightbox-title=\"7\" data-e-action-hash=\"#elementor-action%3Aaction%3Dlightbox%26settings%3DeyJpZCI6MTg0LCJ1cmwiOiJodHRwczpcL1wvdGVtcHVzZnVnaXRvZmljaWFsLmNvbVwvd3AtY29udGVudFwvdXBsb2Fkc1wvMjAyNVwvMTJcLzcucG5nIiwic2xpZGVzaG93IjoiNWJlNmIzMSJ9\" href=\"https:\/\/tempusfugitoficial.com\/wp-content\/uploads\/2025\/12\/7.png\"><figure class=\"swiper-slide-inner\"><img decoding=\"async\" class=\"swiper-slide-image\" src=\"https:\/\/tempusfugitoficial.com\/wp-content\/uploads\/2025\/12\/7.png\" alt=\"7\" \/><\/figure><\/a><\/div>\t\t\t<\/div>\n\t\t\t\t\t\t\t\t\t\t\t\t<div class=\"elementor-swiper-button elementor-swiper-button-prev\" role=\"button\" tabindex=\"0\">\n\t\t\t\t\t\t<svg aria-hidden=\"true\" class=\"e-font-icon-svg e-eicon-chevron-left\" viewbox=\"0 0 1000 1000\" xmlns=\"http:\/\/www.w3.org\/2000\/svg\"><path d=\"M646 125C629 125 613 133 604 142L308 442C296 454 292 471 292 487 292 504 296 521 308 533L604 854C617 867 629 875 646 875 663 875 679 871 692 858 704 846 713 829 713 812 713 796 708 779 692 767L438 487 692 225C700 217 708 204 708 187 708 171 704 154 692 142 675 129 663 125 646 125Z\"><\/path><\/svg>\t\t\t\t\t<\/div>\n\t\t\t\t\t<div class=\"elementor-swiper-button elementor-swiper-button-next\" role=\"button\" tabindex=\"0\">\n\t\t\t\t\t\t<svg aria-hidden=\"true\" class=\"e-font-icon-svg e-eicon-chevron-right\" viewbox=\"0 0 1000 1000\" xmlns=\"http:\/\/www.w3.org\/2000\/svg\"><path d=\"M696 533C708 521 713 504 713 487 713 471 708 454 696 446L400 146C388 133 375 125 354 125 338 125 325 129 313 142 300 154 292 171 292 187 292 204 296 221 308 233L563 492 304 771C292 783 288 800 288 817 288 833 296 850 308 863 321 871 338 875 354 875 371 875 388 867 400 854L696 533Z\"><\/path><\/svg>\t\t\t\t\t<\/div>\n\t\t\t\t\n\t\t\t\t\t\t\t\t\t<div class=\"swiper-pagination\"><\/div>\n\t\t\t\t\t\t\t\t\t<\/div>\n\t\t\t\t\t\t<\/div>\n\t\t\t\t<\/div>\n\t\t\t\t<\/div>","protected":false},"excerpt":{"rendered":"<p>Qui\u00e9nes somos En Tempus Fugit Caf\u00e9 somos una cafeter\u00eda y restaurante con m\u00e1s de 15 a\u00f1os de experiencia, donde cada d\u00eda ponemos toda nuestra ilusi\u00f3n para ofrecer productos de calidad, un servicio cercano y una sonrisa sincera. Creamos un ambiente tranquilo y familiar, ideal para disfrutar desde un buen desayuno hasta un completo men\u00fa de [&hellip;]<\/p>\n","protected":false},"author":1,"featured_media":0,"parent":0,"menu_order":0,"comment_status":"closed","ping_status":"closed","template":"elementor_canvas","meta":{"footnotes":""},"class_list":["post-2","page","type-page","status-publish","hentry"],"yoast_head":"<!-- This site is optimized with the Yoast SEO plugin v27.3 - https:\/\/yoast.com\/product\/yoast-seo-wordpress\/ -->\n<title>Inicio - Tempus Fugit Oficial<\/title>\n<meta name=\"robots\" content=\"index, follow, max-snippet:-1, max-image-preview:large, max-video-preview:-1\" \/>\n<link rel=\"canonical\" href=\"https:\/\/tempusfugitoficial.com\/ca\/\" \/>\n<meta property=\"og:locale\" content=\"ca_ES\" \/>\n<meta property=\"og:type\" content=\"article\" \/>\n<meta property=\"og:title\" content=\"Inicio - Tempus Fugit Oficial\" \/>\n<meta property=\"og:description\" content=\"Qui\u00e9nes somos En Tempus Fugit Caf\u00e9 somos una cafeter\u00eda y restaurante con m\u00e1s de 15 a\u00f1os de experiencia, donde cada d\u00eda ponemos toda nuestra ilusi\u00f3n para ofrecer productos de calidad, un servicio cercano y una sonrisa sincera. Creamos un ambiente tranquilo y familiar, ideal para disfrutar desde un buen desayuno hasta un completo men\u00fa de [&hellip;]\" \/>\n<meta property=\"og:url\" content=\"https:\/\/tempusfugitoficial.com\/ca\/\" \/>\n<meta property=\"og:site_name\" content=\"Tempus Fugit Oficial\" \/>\n<meta property=\"article:modified_time\" content=\"2025-12-19T14:53:13+00:00\" \/>\n<meta property=\"og:image\" content=\"https:\/\/tempusfugitoficial.com\/wp-content\/uploads\/2025\/12\/1.png\" \/>\n<meta name=\"twitter:card\" content=\"summary_large_image\" \/>\n<meta name=\"twitter:label1\" content=\"Temps estimat de lectura\" \/>\n\t<meta name=\"twitter:data1\" content=\"5 minuts\" \/>\n<script type=\"application\/ld+json\" class=\"yoast-schema-graph\">{\"@context\":\"https:\\\/\\\/schema.org\",\"@graph\":[{\"@type\":\"WebPage\",\"@id\":\"https:\\\/\\\/tempusfugitoficial.com\\\/\",\"url\":\"https:\\\/\\\/tempusfugitoficial.com\\\/\",\"name\":\"Inicio - Tempus Fugit Oficial\",\"isPartOf\":{\"@id\":\"https:\\\/\\\/tempusfugitoficial.com\\\/#website\"},\"primaryImageOfPage\":{\"@id\":\"https:\\\/\\\/tempusfugitoficial.com\\\/#primaryimage\"},\"image\":{\"@id\":\"https:\\\/\\\/tempusfugitoficial.com\\\/#primaryimage\"},\"thumbnailUrl\":\"https:\\\/\\\/tempusfugitoficial.com\\\/wp-content\\\/uploads\\\/2025\\\/12\\\/1.png\",\"datePublished\":\"2025-12-19T13:08:34+00:00\",\"dateModified\":\"2025-12-19T14:53:13+00:00\",\"breadcrumb\":{\"@id\":\"https:\\\/\\\/tempusfugitoficial.com\\\/#breadcrumb\"},\"inLanguage\":\"ca\",\"potentialAction\":[{\"@type\":\"ReadAction\",\"target\":[\"https:\\\/\\\/tempusfugitoficial.com\\\/\"]}]},{\"@type\":\"ImageObject\",\"inLanguage\":\"ca\",\"@id\":\"https:\\\/\\\/tempusfugitoficial.com\\\/#primaryimage\",\"url\":\"https:\\\/\\\/tempusfugitoficial.com\\\/wp-content\\\/uploads\\\/2025\\\/12\\\/1.png\",\"contentUrl\":\"https:\\\/\\\/tempusfugitoficial.com\\\/wp-content\\\/uploads\\\/2025\\\/12\\\/1.png\"},{\"@type\":\"BreadcrumbList\",\"@id\":\"https:\\\/\\\/tempusfugitoficial.com\\\/#breadcrumb\",\"itemListElement\":[{\"@type\":\"ListItem\",\"position\":1,\"name\":\"Portada\",\"item\":\"https:\\\/\\\/tempusfugitoficial.com\\\/\"},{\"@type\":\"ListItem\",\"position\":2,\"name\":\"Inicio\"}]},{\"@type\":\"WebSite\",\"@id\":\"https:\\\/\\\/tempusfugitoficial.com\\\/#website\",\"url\":\"https:\\\/\\\/tempusfugitoficial.com\\\/\",\"name\":\"Tempus Fugit Oficial\",\"description\":\"\",\"publisher\":{\"@id\":\"https:\\\/\\\/tempusfugitoficial.com\\\/#organization\"},\"potentialAction\":[{\"@type\":\"SearchAction\",\"target\":{\"@type\":\"EntryPoint\",\"urlTemplate\":\"https:\\\/\\\/tempusfugitoficial.com\\\/?s={search_term_string}\"},\"query-input\":{\"@type\":\"PropertyValueSpecification\",\"valueRequired\":true,\"valueName\":\"search_term_string\"}}],\"inLanguage\":\"ca\"},{\"@type\":\"Organization\",\"@id\":\"https:\\\/\\\/tempusfugitoficial.com\\\/#organization\",\"name\":\"Tempus Fugit Oficial\",\"url\":\"https:\\\/\\\/tempusfugitoficial.com\\\/\",\"logo\":{\"@type\":\"ImageObject\",\"inLanguage\":\"ca\",\"@id\":\"https:\\\/\\\/tempusfugitoficial.com\\\/#\\\/schema\\\/logo\\\/image\\\/\",\"url\":\"https:\\\/\\\/tempusfugitoficial.com\\\/wp-content\\\/uploads\\\/2025\\\/12\\\/cropped-31924764M_Logo2.png\",\"contentUrl\":\"https:\\\/\\\/tempusfugitoficial.com\\\/wp-content\\\/uploads\\\/2025\\\/12\\\/cropped-31924764M_Logo2.png\",\"width\":612,\"height\":328,\"caption\":\"Tempus Fugit Oficial\"},\"image\":{\"@id\":\"https:\\\/\\\/tempusfugitoficial.com\\\/#\\\/schema\\\/logo\\\/image\\\/\"}}]}<\/script>\n<!-- \/ Yoast SEO plugin. -->","yoast_head_json":{"title":"Inicio - Tempus Fugit Oficial","robots":{"index":"index","follow":"follow","max-snippet":"max-snippet:-1","max-image-preview":"max-image-preview:large","max-video-preview":"max-video-preview:-1"},"canonical":"https:\/\/tempusfugitoficial.com\/ca\/","og_locale":"ca_ES","og_type":"article","og_title":"Inicio - Tempus Fugit Oficial","og_description":"Qui\u00e9nes somos En Tempus Fugit Caf\u00e9 somos una cafeter\u00eda y restaurante con m\u00e1s de 15 a\u00f1os de experiencia, donde cada d\u00eda ponemos toda nuestra ilusi\u00f3n para ofrecer productos de calidad, un servicio cercano y una sonrisa sincera. Creamos un ambiente tranquilo y familiar, ideal para disfrutar desde un buen desayuno hasta un completo men\u00fa de [&hellip;]","og_url":"https:\/\/tempusfugitoficial.com\/ca\/","og_site_name":"Tempus Fugit Oficial","article_modified_time":"2025-12-19T14:53:13+00:00","og_image":[{"url":"https:\/\/tempusfugitoficial.com\/wp-content\/uploads\/2025\/12\/1.png","type":"","width":"","height":""}],"twitter_card":"summary_large_image","twitter_misc":{"Temps estimat de lectura":"5 minuts"},"schema":{"@context":"https:\/\/schema.org","@graph":[{"@type":"WebPage","@id":"https:\/\/tempusfugitoficial.com\/","url":"https:\/\/tempusfugitoficial.com\/","name":"Inicio - Tempus Fugit Oficial","isPartOf":{"@id":"https:\/\/tempusfugitoficial.com\/#website"},"primaryImageOfPage":{"@id":"https:\/\/tempusfugitoficial.com\/#primaryimage"},"image":{"@id":"https:\/\/tempusfugitoficial.com\/#primaryimage"},"thumbnailUrl":"https:\/\/tempusfugitoficial.com\/wp-content\/uploads\/2025\/12\/1.png","datePublished":"2025-12-19T13:08:34+00:00","dateModified":"2025-12-19T14:53:13+00:00","breadcrumb":{"@id":"https:\/\/tempusfugitoficial.com\/#breadcrumb"},"inLanguage":"ca","potentialAction":[{"@type":"ReadAction","target":["https:\/\/tempusfugitoficial.com\/"]}]},{"@type":"ImageObject","inLanguage":"ca","@id":"https:\/\/tempusfugitoficial.com\/#primaryimage","url":"https:\/\/tempusfugitoficial.com\/wp-content\/uploads\/2025\/12\/1.png","contentUrl":"https:\/\/tempusfugitoficial.com\/wp-content\/uploads\/2025\/12\/1.png"},{"@type":"BreadcrumbList","@id":"https:\/\/tempusfugitoficial.com\/#breadcrumb","itemListElement":[{"@type":"ListItem","position":1,"name":"Portada","item":"https:\/\/tempusfugitoficial.com\/"},{"@type":"ListItem","position":2,"name":"Inicio"}]},{"@type":"WebSite","@id":"https:\/\/tempusfugitoficial.com\/#website","url":"https:\/\/tempusfugitoficial.com\/","name":"Tempus Fugit Oficial","description":"","publisher":{"@id":"https:\/\/tempusfugitoficial.com\/#organization"},"potentialAction":[{"@type":"SearchAction","target":{"@type":"EntryPoint","urlTemplate":"https:\/\/tempusfugitoficial.com\/?s={search_term_string}"},"query-input":{"@type":"PropertyValueSpecification","valueRequired":true,"valueName":"search_term_string"}}],"inLanguage":"ca"},{"@type":"Organization","@id":"https:\/\/tempusfugitoficial.com\/#organization","name":"Tempus Fugit Oficial","url":"https:\/\/tempusfugitoficial.com\/","logo":{"@type":"ImageObject","inLanguage":"ca","@id":"https:\/\/tempusfugitoficial.com\/#\/schema\/logo\/image\/","url":"https:\/\/tempusfugitoficial.com\/wp-content\/uploads\/2025\/12\/cropped-31924764M_Logo2.png","contentUrl":"https:\/\/tempusfugitoficial.com\/wp-content\/uploads\/2025\/12\/cropped-31924764M_Logo2.png","width":612,"height":328,"caption":"Tempus Fugit Oficial"},"image":{"@id":"https:\/\/tempusfugitoficial.com\/#\/schema\/logo\/image\/"}}]}},"_links":{"self":[{"href":"https:\/\/tempusfugitoficial.com\/ca\/wp-json\/wp\/v2\/pages\/2","targetHints":{"allow":["GET"]}}],"collection":[{"href":"https:\/\/tempusfugitoficial.com\/ca\/wp-json\/wp\/v2\/pages"}],"about":[{"href":"https:\/\/tempusfugitoficial.com\/ca\/wp-json\/wp\/v2\/types\/page"}],"author":[{"embeddable":true,"href":"https:\/\/tempusfugitoficial.com\/ca\/wp-json\/wp\/v2\/users\/1"}],"replies":[{"embeddable":true,"href":"https:\/\/tempusfugitoficial.com\/ca\/wp-json\/wp\/v2\/comments?post=2"}],"version-history":[{"count":22,"href":"https:\/\/tempusfugitoficial.com\/ca\/wp-json\/wp\/v2\/pages\/2\/revisions"}],"predecessor-version":[{"id":193,"href":"https:\/\/tempusfugitoficial.com\/ca\/wp-json\/wp\/v2\/pages\/2\/revisions\/193"}],"wp:attachment":[{"href":"https:\/\/tempusfugitoficial.com\/ca\/wp-json\/wp\/v2\/media?parent=2"}],"curies":[{"name":"wp","href":"https:\/\/api.w.org\/{rel}","templated":true}]}}